{"id":12265,"date":"2017-08-25T05:55:18","date_gmt":"2017-08-25T05:55:18","guid":{"rendered":"https:\/\/www.ledrahotel.gr\/the-hotel\/"},"modified":"2024-06-08T17:22:50","modified_gmt":"2024-06-08T14:22:50","slug":"the-hotel","status":"publish","type":"page","link":"https:\/\/www.ledrahotel.gr\/fr\/the-hotel\/","title":{"rendered":"H\u00f4tel"},"content":{"rendered":"<section class=\"wpb-content-wrapper\"><p>[vc_row][vc_column width=\u00a0\u00bb1\/2&Prime;]<h4>Appartements meubl\u00e9s de fa\u00e7on traditionnelle \u00abLedra Maleme\u00bb<\/h4><div class=\"title-block-6\"><\/div>[vc_column_text]<\/p>\n<h5>ESTH\u00c9TIQUE ET CONFORT&#8230;<\/h5>\n<p><strong>Les appartements de construction traditionnelle offrent l&rsquo;hospitalit\u00e9 cr\u00e9toise de renomm\u00e9e mondiale, ainsi que tout le confort moderne.<\/strong><\/p>\n<ul class=\"border-list\">\n<li>Au milieu d\u2019un espace vert de 3500 m2, \u00e0 seulement 200 m\u00e8tres de la mer, nous avons cr\u00e9\u00e9 45 appartements meubl\u00e9s, r\u00e9partis en trois complexes, pouvant accueillir jusqu&rsquo;\u00e0 5 personnes chacun, afin que tout soit une invitation \u00e0 profiter au maximum de vos vacances.<\/li>\n<li>Des \u00e9l\u00e9ments confortables et agr\u00e9ables de l&rsquo;architecture traditionnelle, \u00e0 forte personnalit\u00e9, composent une atmosph\u00e8re particuli\u00e8re du lever jusqu\u2019au coucher du soleil.<\/li>\n<li>Nous sommes heureux de vous accueillir, dans une ambiance familiale et conviviale, avec l&rsquo;espoir que vos vacances seront inoubliables.<\/li>\n<\/ul>\n<p>[\/vc_column_text][vc_empty_space height=\u00a0\u00bb30px\u00a0\u00bb][\/vc_column][vc_column width=\u00a0\u00bb1\/2&Prime;]<h4>Photos de notre h\u00f4tel<\/h4><div class=\"title-block-6\"><\/div>[vc_gallery type=\u00a0\u00bbnivo\u00a0\u00bb interval=\u00a0\u00bb3&Prime; images=\u00a0\u00bb733,12266,732,731&Prime; img_size=\u00a0\u00bb480&#215;360&Prime;][\/vc_column][\/vc_row][vc_row top_padding=\u00a0\u00bb30&Prime;][vc_column width=\u00a0\u00bb1\/2&Prime;]<h4>Livre d&rsquo;or<\/h4><div class=\"title-block-6\"><\/div>\t\n\t\n\t\n\t\t\n\t\t<!-- BEGIN .testimonial-wrapper-outer -->\n\t\t<div class=\"testimonial-wrapper-outer\">\n\n\t\t\t<!-- BEGIN .testimonial-list-wrapper -->\n\t\t\t<div class=\"testimonial-list-wrapper owl-carousel3\">\n\n\t\t\t\t\n\t\t\t\t\t\n\t\t\t\t\t<!-- BEGIN .testimonial-wrapper -->\n\t\t\t\t\t<div class=\"testimonial-wrapper\">\n\t\t\t\t\t\t\n\t\t\t\t\t\t\t\t\t\t\t\t\n\t\t\t\t\t\t<div><span class=\"qns-open-quote\">\u201c<\/span>NOUS AVONS PASS\u00c9 UN MERVEILLEUX S\u00c9JOUR!!!!! IL VAUT LA PEINE D'Y ALLER!! POUR LES VACANCES!!!!...<span class=\"qns-close-quote\">\u201d<\/span><\/div>\n\n\t\t\t\t\t\t\n\t\t\t\t\t\t<div class=\"testimonial-author\"><p>Tasos - 2010-08-11 22:42:36 | R\u00e9gion: K\u00e9sariani<\/p><\/div>\n\n\t\t\t\t\t<!-- END .testimonial-wrapper -->\n\t\t\t\t\t<\/div>\n\n\t\t\t\t\n\t\t\t\t\t\n\t\t\t\t\t<!-- BEGIN .testimonial-wrapper -->\n\t\t\t\t\t<div class=\"testimonial-wrapper\">\n\t\t\t\t\t\t\n\t\t\t\t\t\t\t\t\t\t\t\t\n\t\t\t\t\t\t<div><span class=\"qns-open-quote\">\u201c<\/span>Bel h\u00f4tel g\u00e9r\u00e9 avec amour par des gens tr\u00e8s accueillants et agr\u00e9ables, proche de tout, mais loin de l'agitation, tout ce dont vous avez beso...<span class=\"qns-close-quote\">\u201d<\/span><\/div>\n\n\t\t\t\t\t\t\n\t\t\t\t\t\t<div class=\"testimonial-author\"><p>Sofia Kouri - 2010-05-27 22:32:35 | R\u00e9gion: Ath\u00e8nes<\/p><\/div>\n\n\t\t\t\t\t<!-- END .testimonial-wrapper -->\n\t\t\t\t\t<\/div>\n\n\t\t\t\t\n\t\t\t\t\t\n\t\t\t\t\t<!-- BEGIN .testimonial-wrapper -->\n\t\t\t\t\t<div class=\"testimonial-wrapper\">\n\t\t\t\t\t\t\n\t\t\t\t\t\t\t\t\t\t\t\t\n\t\t\t\t\t\t<div><span class=\"qns-open-quote\">\u201c<\/span>J'ai pass\u00e9 de tr\u00e8s bonnes vacances.\r\nJ'y ai s\u00e9journ\u00e9 en juillet et tout a \u00e9t\u00e9 merveilleux !!!!...<span class=\"qns-close-quote\">\u201d<\/span><\/div>\n\n\t\t\t\t\t\t\n\t\t\t\t\t\t<div class=\"testimonial-author\"><p>Natasa Sofou - 2009-11-01 18:54:56 | R\u00e9gion: Ath\u00e8nes<\/p><\/div>\n\n\t\t\t\t\t<!-- END .testimonial-wrapper -->\n\t\t\t\t\t<\/div>\n\n\t\t\t\t\n\t\t\t\t\t\n\t\t\t\t\t<!-- BEGIN .testimonial-wrapper -->\n\t\t\t\t\t<div class=\"testimonial-wrapper\">\n\t\t\t\t\t\t\n\t\t\t\t\t\t\t\t\t\t\t\t\n\t\t\t\t\t\t<div><span class=\"qns-open-quote\">\u201c<\/span>Excellent hospitality. I would recommend it....<span class=\"qns-close-quote\">\u201d<\/span><\/div>\n\n\t\t\t\t\t\t\n\t\t\t\t\t\t<div class=\"testimonial-author\"><p>\u0394\u03b7\u03bc\u03ae\u03c4\u03c1\u03b7\u03c2 - 2009-11-01 01:45:13 | R\u00e9gion: Evia<\/p><\/div>\n\n\t\t\t\t\t<!-- END .testimonial-wrapper -->\n\t\t\t\t\t<\/div>\n\n\t\t\t\t\n\t\t\t<!-- END .testimonial-list-wrapper -->\n\t\t\t<\/div>\n\n\t\t<!-- END .testimonial-wrapper-outer -->\n\t\t<\/div>\n\t\n\n\t\n\t[\/vc_column][vc_column width=\u00a0\u00bb1\/2&Prime;]<h4>Services &#8211; Prestations<\/h4><div class=\"title-block-6\"><\/div>[vc_column_text]Notre h\u00f4tel dispose de 2 piscines situ\u00e9es dans un jardin, avec pelouse et fleurs, qui abrite l&rsquo;aire de jeux et encadre l\u2019espace du complexe.<\/p>\n<p>Dans notre restaurant qui offre des sp\u00e9cialit\u00e9s cr\u00e9toises dans une atmosph\u00e8re traditionnelle, vous pouvez d\u00e9guster des plats faits maison qui peuvent satisfaire m\u00eame les go\u00fbts les plus exigeants, offrant.[\/vc_column_text]<a class=\"button2 rounded-button button-center \" style=\"\" href=\"\/fr\/the-hotel\/services\/\" target=\"_parent\">autres prestations\u2026<\/a>[\/vc_column][\/vc_row][vc_row][vc_column][vc_empty_space height=\u00a0\u00bb80px\u00a0\u00bb][\/vc_column][\/vc_row]<\/p>\n<\/section>","protected":false},"excerpt":{"rendered":"<p>[vc_row][vc_column width=\u00a0\u00bb1\/2&Prime;][vc_column_text] ESTH\u00c9TIQUE ET CONFORT&#8230; Les appartements de construction traditionnelle offrent l&rsquo;hospitalit\u00e9 cr\u00e9toise de renomm\u00e9e mondiale, ainsi que tout le confort moderne. Au milieu d\u2019un espace vert de 3500 m2, \u00e0 seulement 200 m\u00e8tres de la mer, nous avons cr\u00e9\u00e9 45 appartements meubl\u00e9s, r\u00e9partis en trois complexes, pouvant accueillir jusqu&rsquo;\u00e0 5 personnes chacun, afin que<\/p>\n","protected":false},"author":2,"featured_media":0,"parent":0,"menu_order":0,"comment_status":"closed","ping_status":"closed","template":"","meta":[],"yoast_head":"<!-- This site is optimized with the Yoast SEO plugin v20.11 - https:\/\/yoast.com\/wordpress\/plugins\/seo\/ -->\n<title>H\u00f4tel Maleme Crete<\/title>\n<meta name=\"description\" content=\"Les appartements de construction traditionnelle offrent l&#039;hospitalit\u00e9 cr\u00e9toise de renomm\u00e9e mondiale, ainsi que tout le confort moderne.\" \/>\n<meta name=\"robots\" content=\"index, follow, max-snippet:-1, max-image-preview:large, max-video-preview:-1\" \/>\n<link rel=\"canonical\" href=\"https:\/\/www.ledrahotel.gr\/fr\/the-hotel\/\" \/>\n<meta property=\"og:locale\" content=\"fr_FR\" \/>\n<meta property=\"og:type\" content=\"article\" \/>\n<meta property=\"og:title\" content=\"H\u00f4tel Maleme Crete\" \/>\n<meta property=\"og:description\" content=\"Les appartements de construction traditionnelle offrent l&#039;hospitalit\u00e9 cr\u00e9toise de renomm\u00e9e mondiale, ainsi que tout le confort moderne.\" \/>\n<meta property=\"og:url\" content=\"https:\/\/www.ledrahotel.gr\/fr\/the-hotel\/\" \/>\n<meta property=\"og:site_name\" content=\"Ledra Maleme Hotel\" \/>\n<meta property=\"article:modified_time\" content=\"2024-06-08T14:22:50+00:00\" \/>\n<meta name=\"twitter:card\" content=\"summary_large_image\" \/>\n<meta name=\"twitter:label1\" content=\"Dur\u00e9e de lecture estim\u00e9e\" \/>\n\t<meta name=\"twitter:data1\" content=\"2 minutes\" \/>\n<script type=\"application\/ld+json\" class=\"yoast-schema-graph\">{\"@context\":\"https:\/\/schema.org\",\"@graph\":[{\"@type\":\"WebPage\",\"@id\":\"https:\/\/www.ledrahotel.gr\/fr\/the-hotel\/\",\"url\":\"https:\/\/www.ledrahotel.gr\/fr\/the-hotel\/\",\"name\":\"H\u00f4tel Maleme Crete\",\"isPartOf\":{\"@id\":\"https:\/\/www.ledrahotel.gr\/fr\/#website\"},\"datePublished\":\"2017-08-25T05:55:18+00:00\",\"dateModified\":\"2024-06-08T14:22:50+00:00\",\"description\":\"Les appartements de construction traditionnelle offrent l'hospitalit\u00e9 cr\u00e9toise de renomm\u00e9e mondiale, ainsi que tout le confort moderne.\",\"breadcrumb\":{\"@id\":\"https:\/\/www.ledrahotel.gr\/fr\/the-hotel\/#breadcrumb\"},\"inLanguage\":\"fr-FR\",\"potentialAction\":[{\"@type\":\"ReadAction\",\"target\":[\"https:\/\/www.ledrahotel.gr\/fr\/the-hotel\/\"]}]},{\"@type\":\"BreadcrumbList\",\"@id\":\"https:\/\/www.ledrahotel.gr\/fr\/the-hotel\/#breadcrumb\",\"itemListElement\":[{\"@type\":\"ListItem\",\"position\":1,\"name\":\"Home\",\"item\":\"https:\/\/www.ledrahotel.gr\/fr\/\"},{\"@type\":\"ListItem\",\"position\":2,\"name\":\"H\u00f4tel\"}]},{\"@type\":\"WebSite\",\"@id\":\"https:\/\/www.ledrahotel.gr\/fr\/#website\",\"url\":\"https:\/\/www.ledrahotel.gr\/fr\/\",\"name\":\"Ledra Maleme Hotel\",\"description\":\"\",\"potentialAction\":[{\"@type\":\"SearchAction\",\"target\":{\"@type\":\"EntryPoint\",\"urlTemplate\":\"https:\/\/www.ledrahotel.gr\/fr\/?s={search_term_string}\"},\"query-input\":\"required name=search_term_string\"}],\"inLanguage\":\"fr-FR\"}]}<\/script>\n<!-- \/ Yoast SEO plugin. -->","yoast_head_json":{"title":"H\u00f4tel Maleme Crete","description":"Les appartements de construction traditionnelle offrent l'hospitalit\u00e9 cr\u00e9toise de renomm\u00e9e mondiale, ainsi que tout le confort moderne.","robots":{"index":"index","follow":"follow","max-snippet":"max-snippet:-1","max-image-preview":"max-image-preview:large","max-video-preview":"max-video-preview:-1"},"canonical":"https:\/\/www.ledrahotel.gr\/fr\/the-hotel\/","og_locale":"fr_FR","og_type":"article","og_title":"H\u00f4tel Maleme Crete","og_description":"Les appartements de construction traditionnelle offrent l'hospitalit\u00e9 cr\u00e9toise de renomm\u00e9e mondiale, ainsi que tout le confort moderne.","og_url":"https:\/\/www.ledrahotel.gr\/fr\/the-hotel\/","og_site_name":"Ledra Maleme Hotel","article_modified_time":"2024-06-08T14:22:50+00:00","twitter_card":"summary_large_image","twitter_misc":{"Dur\u00e9e de lecture estim\u00e9e":"2 minutes"},"schema":{"@context":"https:\/\/schema.org","@graph":[{"@type":"WebPage","@id":"https:\/\/www.ledrahotel.gr\/fr\/the-hotel\/","url":"https:\/\/www.ledrahotel.gr\/fr\/the-hotel\/","name":"H\u00f4tel Maleme Crete","isPartOf":{"@id":"https:\/\/www.ledrahotel.gr\/fr\/#website"},"datePublished":"2017-08-25T05:55:18+00:00","dateModified":"2024-06-08T14:22:50+00:00","description":"Les appartements de construction traditionnelle offrent l'hospitalit\u00e9 cr\u00e9toise de renomm\u00e9e mondiale, ainsi que tout le confort moderne.","breadcrumb":{"@id":"https:\/\/www.ledrahotel.gr\/fr\/the-hotel\/#breadcrumb"},"inLanguage":"fr-FR","potentialAction":[{"@type":"ReadAction","target":["https:\/\/www.ledrahotel.gr\/fr\/the-hotel\/"]}]},{"@type":"BreadcrumbList","@id":"https:\/\/www.ledrahotel.gr\/fr\/the-hotel\/#breadcrumb","itemListElement":[{"@type":"ListItem","position":1,"name":"Home","item":"https:\/\/www.ledrahotel.gr\/fr\/"},{"@type":"ListItem","position":2,"name":"H\u00f4tel"}]},{"@type":"WebSite","@id":"https:\/\/www.ledrahotel.gr\/fr\/#website","url":"https:\/\/www.ledrahotel.gr\/fr\/","name":"Ledra Maleme Hotel","description":"","potentialAction":[{"@type":"SearchAction","target":{"@type":"EntryPoint","urlTemplate":"https:\/\/www.ledrahotel.gr\/fr\/?s={search_term_string}"},"query-input":"required name=search_term_string"}],"inLanguage":"fr-FR"}]}},"_links":{"self":[{"href":"https:\/\/www.ledrahotel.gr\/fr\/wp-json\/wp\/v2\/pages\/12265"}],"collection":[{"href":"https:\/\/www.ledrahotel.gr\/fr\/wp-json\/wp\/v2\/pages"}],"about":[{"href":"https:\/\/www.ledrahotel.gr\/fr\/wp-json\/wp\/v2\/types\/page"}],"author":[{"embeddable":true,"href":"https:\/\/www.ledrahotel.gr\/fr\/wp-json\/wp\/v2\/users\/2"}],"replies":[{"embeddable":true,"href":"https:\/\/www.ledrahotel.gr\/fr\/wp-json\/wp\/v2\/comments?post=12265"}],"version-history":[{"count":4,"href":"https:\/\/www.ledrahotel.gr\/fr\/wp-json\/wp\/v2\/pages\/12265\/revisions"}],"predecessor-version":[{"id":27860,"href":"https:\/\/www.ledrahotel.gr\/fr\/wp-json\/wp\/v2\/pages\/12265\/revisions\/27860"}],"wp:attachment":[{"href":"https:\/\/www.ledrahotel.gr\/fr\/wp-json\/wp\/v2\/media?parent=12265"}],"curies":[{"name":"wp","href":"https:\/\/api.w.org\/{rel}","templated":true}]}}