{"id":12269,"date":"2017-08-25T06:37:46","date_gmt":"2017-08-25T03:37:46","guid":{"rendered":"https:\/\/www.ledrahotel.gr\/the-hotel\/services\/"},"modified":"2024-06-19T17:54:03","modified_gmt":"2024-06-19T14:54:03","slug":"services","status":"publish","type":"page","link":"https:\/\/www.ledrahotel.gr\/fr\/the-hotel\/services\/","title":{"rendered":"Services"},"content":{"rendered":"<section class=\"wpb-content-wrapper\"><p>[vc_row][vc_column][vc_column_text]<span style=\"color: #808080;\"><em>Notre h\u00f4tel vous propose, entre autres:<\/em><\/span>[\/vc_column_text][\/vc_column][\/vc_row][vc_row type=\u00a0\u00bbfull_width_section\u00a0\u00bb bg_color=\u00a0\u00bb#f0f0f0&Prime; top_padding=\u00a0\u00bb30&Prime;][vc_column width=\u00a0\u00bb1\/2&Prime;][vc_column_text]<\/p>\n<ul>\n<li>R\u00e9ception<br \/>\n<span style=\"color: #999999;\"><em>ouverte 16 heures sur 24\u00a0<\/em><\/span><\/li>\n<li>Acc\u00e8s Internet<\/li>\n<li>Divers plats ou le petit-d\u00e9jeuner servis dans des emballages sp\u00e9ciaux<br \/>\n<span style=\"color: #999999;\"><em>sur demande<\/em><\/span><\/li>\n<li>Ordinateurs partag\u00e9s avec la possibilit\u00e9 d&rsquo;imprimer, de photocopier et de num\u00e9riser<br \/>\n<span style=\"color: #999999;\"><em>gratuitement<\/em><\/span><\/li>\n<li>Dur\u00e9e du petit d\u00e9jeuner de plus de 3 heures<br \/>\n<span style=\"color: #999999;\"><em>08.30-10.30<\/em><\/span><\/li>\n<\/ul>\n<p>[\/vc_column_text][\/vc_column][vc_column width=\u00a0\u00bb1\/2&Prime;][vc_column_text]<\/p>\n<ul>\n<li>Lit b\u00e9b\u00e9<br \/>\n<span style=\"color: #999999;\"><em>gratuitement<\/em><\/span><\/li>\n<li>Fer et planche \u00e0 repasser<br \/>\n<span style=\"color: #999999;\"><em>sur demande<\/em><\/span><\/li>\n<li>Bouilloire<br \/>\n<span style=\"color: #999999;\"><em>dans la chambre<\/em><\/span><\/li>\n<li>Nettoyage de la chambre<br \/>\n<span style=\"color: #999999;\"><em>tous les jours, avec changement quotidien des serviettes et changement des draps chaque deuxi\u00e8me jour.<\/em><\/span><\/li>\n<\/ul>\n<p>[\/vc_column_text][\/vc_column][\/vc_row][vc_row top_padding=\u00a0\u00bb60&Prime;][vc_column][vc_column_text]<\/p>\n<blockquote><p>Pour tous les services ci-dessus offerts avec tant de soin et de bonne humeur amicale, mais aussi\u2026<br \/>\npour la s\u00e9r\u00e9nit\u00e9 des matins cristallins,<br \/>\npour la paresse dans laquelle me plonge la lumi\u00e8re \u00e9blouissante de midi au bord de la piscine (et bien s\u00fbr le tsipouro offert par Kostas et l&rsquo;\u00e9tonnante cuisine traditionnelle d&rsquo;Efi),<br \/>\npour ces nuits de velours de l&rsquo;\u00e9t\u00e9 o\u00f9 je choisis, selon l&rsquo;humeur du moment, un coin \u00ab\u00a0argent\u00e9\u00a0\u00bb du jardin avec la lune au dessus des palmiers, pour \u00e9couter le chant des grillons.<br \/>\nOu bien pour la joyeuse compagnie au bar, avec des boissons ou des ap\u00e9ritifs et\u2026des improvisations inattendues! parfois jusqu&rsquo;\u00e0 l&rsquo;aube.<br \/>\n.<\/p><\/blockquote>\n<p>Car enfin, \u00e0 Ledra Maleme, je peux profiter de la tranquillit\u00e9 quand j\u2019en ressens le besoin, tout en ayant en m\u00eame temps un acc\u00e8s direct aux sites touristiques et \u00e0 la vibrante vie nocturne de la r\u00e9gion.[\/vc_column_text][\/vc_column][\/vc_row][vc_row][vc_column][vc_empty_space height=\u00a0\u00bb60px\u00a0\u00bb][\/vc_column][\/vc_row]<\/p>\n<\/section>","protected":false},"excerpt":{"rendered":"<p>[vc_row][vc_column][vc_column_text]Notre h\u00f4tel vous propose, entre autres:[\/vc_column_text][\/vc_column][\/vc_row][vc_row type=\u00a0\u00bbfull_width_section\u00a0\u00bb bg_color=\u00a0\u00bb#f0f0f0&Prime; top_padding=\u00a0\u00bb30&Prime;][vc_column width=\u00a0\u00bb1\/2&Prime;][vc_column_text] R\u00e9ception ouverte 16 heures sur 24\u00a0 Acc\u00e8s Internet Divers plats ou le petit-d\u00e9jeuner servis dans des emballages sp\u00e9ciaux sur demande Ordinateurs partag\u00e9s avec la possibilit\u00e9 d&rsquo;imprimer, de photocopier et de num\u00e9riser gratuitement Dur\u00e9e du petit d\u00e9jeuner de plus de 3 heures 08.30-10.30 [\/vc_column_text][\/vc_column][vc_column width=\u00a0\u00bb1\/2&Prime;][vc_column_text] Lit<\/p>\n","protected":false},"author":2,"featured_media":0,"parent":12265,"menu_order":0,"comment_status":"closed","ping_status":"closed","template":"","meta":[],"yoast_head":"<!-- This site is optimized with the Yoast SEO plugin v20.11 - https:\/\/yoast.com\/wordpress\/plugins\/seo\/ -->\n<title>hotel maleme chania crete<\/title>\n<meta name=\"robots\" content=\"index, follow, max-snippet:-1, max-image-preview:large, max-video-preview:-1\" \/>\n<link rel=\"canonical\" href=\"https:\/\/www.ledrahotel.gr\/fr\/the-hotel\/services\/\" \/>\n<meta property=\"og:locale\" content=\"fr_FR\" \/>\n<meta property=\"og:type\" content=\"article\" \/>\n<meta property=\"og:title\" content=\"hotel maleme chania crete\" \/>\n<meta property=\"og:description\" content=\"[vc_row][vc_column][vc_column_text]Notre h\u00f4tel vous propose, entre autres:[\/vc_column_text][\/vc_column][\/vc_row][vc_row type=\u00a0\u00bbfull_width_section\u00a0\u00bb bg_color=\u00a0\u00bb#f0f0f0&Prime; top_padding=\u00a0\u00bb30&Prime;][vc_column width=\u00a0\u00bb1\/2&Prime;][vc_column_text] R\u00e9ception ouverte 16 heures sur 24\u00a0 Acc\u00e8s Internet Divers plats ou le petit-d\u00e9jeuner servis dans des emballages sp\u00e9ciaux sur demande Ordinateurs partag\u00e9s avec la possibilit\u00e9 d&rsquo;imprimer, de photocopier et de num\u00e9riser gratuitement Dur\u00e9e du petit d\u00e9jeuner de plus de 3 heures 08.30-10.30 [\/vc_column_text][\/vc_column][vc_column width=\u00a0\u00bb1\/2&Prime;][vc_column_text] Lit\" \/>\n<meta property=\"og:url\" content=\"https:\/\/www.ledrahotel.gr\/fr\/the-hotel\/services\/\" \/>\n<meta property=\"og:site_name\" content=\"Ledra Maleme Hotel\" \/>\n<meta property=\"article:modified_time\" content=\"2024-06-19T14:54:03+00:00\" \/>\n<meta name=\"twitter:card\" content=\"summary_large_image\" \/>\n<meta name=\"twitter:label1\" content=\"Dur\u00e9e de lecture estim\u00e9e\" \/>\n\t<meta name=\"twitter:data1\" content=\"1 minute\" \/>\n<script type=\"application\/ld+json\" class=\"yoast-schema-graph\">{\"@context\":\"https:\/\/schema.org\",\"@graph\":[{\"@type\":\"WebPage\",\"@id\":\"https:\/\/www.ledrahotel.gr\/fr\/the-hotel\/services\/\",\"url\":\"https:\/\/www.ledrahotel.gr\/fr\/the-hotel\/services\/\",\"name\":\"hotel maleme chania crete\",\"isPartOf\":{\"@id\":\"https:\/\/www.ledrahotel.gr\/fr\/#website\"},\"datePublished\":\"2017-08-25T03:37:46+00:00\",\"dateModified\":\"2024-06-19T14:54:03+00:00\",\"breadcrumb\":{\"@id\":\"https:\/\/www.ledrahotel.gr\/fr\/the-hotel\/services\/#breadcrumb\"},\"inLanguage\":\"fr-FR\",\"potentialAction\":[{\"@type\":\"ReadAction\",\"target\":[\"https:\/\/www.ledrahotel.gr\/fr\/the-hotel\/services\/\"]}]},{\"@type\":\"BreadcrumbList\",\"@id\":\"https:\/\/www.ledrahotel.gr\/fr\/the-hotel\/services\/#breadcrumb\",\"itemListElement\":[{\"@type\":\"ListItem\",\"position\":1,\"name\":\"Home\",\"item\":\"https:\/\/www.ledrahotel.gr\/fr\/\"},{\"@type\":\"ListItem\",\"position\":2,\"name\":\"H\u00f4tel\",\"item\":\"https:\/\/www.ledrahotel.gr\/fr\/the-hotel\/\"},{\"@type\":\"ListItem\",\"position\":3,\"name\":\"Services\"}]},{\"@type\":\"WebSite\",\"@id\":\"https:\/\/www.ledrahotel.gr\/fr\/#website\",\"url\":\"https:\/\/www.ledrahotel.gr\/fr\/\",\"name\":\"Ledra Maleme Hotel\",\"description\":\"\",\"potentialAction\":[{\"@type\":\"SearchAction\",\"target\":{\"@type\":\"EntryPoint\",\"urlTemplate\":\"https:\/\/www.ledrahotel.gr\/fr\/?s={search_term_string}\"},\"query-input\":\"required name=search_term_string\"}],\"inLanguage\":\"fr-FR\"}]}<\/script>\n<!-- \/ Yoast SEO plugin. -->","yoast_head_json":{"title":"hotel maleme chania crete","robots":{"index":"index","follow":"follow","max-snippet":"max-snippet:-1","max-image-preview":"max-image-preview:large","max-video-preview":"max-video-preview:-1"},"canonical":"https:\/\/www.ledrahotel.gr\/fr\/the-hotel\/services\/","og_locale":"fr_FR","og_type":"article","og_title":"hotel maleme chania crete","og_description":"[vc_row][vc_column][vc_column_text]Notre h\u00f4tel vous propose, entre autres:[\/vc_column_text][\/vc_column][\/vc_row][vc_row type=\u00a0\u00bbfull_width_section\u00a0\u00bb bg_color=\u00a0\u00bb#f0f0f0&Prime; top_padding=\u00a0\u00bb30&Prime;][vc_column width=\u00a0\u00bb1\/2&Prime;][vc_column_text] R\u00e9ception ouverte 16 heures sur 24\u00a0 Acc\u00e8s Internet Divers plats ou le petit-d\u00e9jeuner servis dans des emballages sp\u00e9ciaux sur demande Ordinateurs partag\u00e9s avec la possibilit\u00e9 d&rsquo;imprimer, de photocopier et de num\u00e9riser gratuitement Dur\u00e9e du petit d\u00e9jeuner de plus de 3 heures 08.30-10.30 [\/vc_column_text][\/vc_column][vc_column width=\u00a0\u00bb1\/2&Prime;][vc_column_text] Lit","og_url":"https:\/\/www.ledrahotel.gr\/fr\/the-hotel\/services\/","og_site_name":"Ledra Maleme Hotel","article_modified_time":"2024-06-19T14:54:03+00:00","twitter_card":"summary_large_image","twitter_misc":{"Dur\u00e9e de lecture estim\u00e9e":"1 minute"},"schema":{"@context":"https:\/\/schema.org","@graph":[{"@type":"WebPage","@id":"https:\/\/www.ledrahotel.gr\/fr\/the-hotel\/services\/","url":"https:\/\/www.ledrahotel.gr\/fr\/the-hotel\/services\/","name":"hotel maleme chania crete","isPartOf":{"@id":"https:\/\/www.ledrahotel.gr\/fr\/#website"},"datePublished":"2017-08-25T03:37:46+00:00","dateModified":"2024-06-19T14:54:03+00:00","breadcrumb":{"@id":"https:\/\/www.ledrahotel.gr\/fr\/the-hotel\/services\/#breadcrumb"},"inLanguage":"fr-FR","potentialAction":[{"@type":"ReadAction","target":["https:\/\/www.ledrahotel.gr\/fr\/the-hotel\/services\/"]}]},{"@type":"BreadcrumbList","@id":"https:\/\/www.ledrahotel.gr\/fr\/the-hotel\/services\/#breadcrumb","itemListElement":[{"@type":"ListItem","position":1,"name":"Home","item":"https:\/\/www.ledrahotel.gr\/fr\/"},{"@type":"ListItem","position":2,"name":"H\u00f4tel","item":"https:\/\/www.ledrahotel.gr\/fr\/the-hotel\/"},{"@type":"ListItem","position":3,"name":"Services"}]},{"@type":"WebSite","@id":"https:\/\/www.ledrahotel.gr\/fr\/#website","url":"https:\/\/www.ledrahotel.gr\/fr\/","name":"Ledra Maleme Hotel","description":"","potentialAction":[{"@type":"SearchAction","target":{"@type":"EntryPoint","urlTemplate":"https:\/\/www.ledrahotel.gr\/fr\/?s={search_term_string}"},"query-input":"required name=search_term_string"}],"inLanguage":"fr-FR"}]}},"_links":{"self":[{"href":"https:\/\/www.ledrahotel.gr\/fr\/wp-json\/wp\/v2\/pages\/12269"}],"collection":[{"href":"https:\/\/www.ledrahotel.gr\/fr\/wp-json\/wp\/v2\/pages"}],"about":[{"href":"https:\/\/www.ledrahotel.gr\/fr\/wp-json\/wp\/v2\/types\/page"}],"author":[{"embeddable":true,"href":"https:\/\/www.ledrahotel.gr\/fr\/wp-json\/wp\/v2\/users\/2"}],"replies":[{"embeddable":true,"href":"https:\/\/www.ledrahotel.gr\/fr\/wp-json\/wp\/v2\/comments?post=12269"}],"version-history":[{"count":4,"href":"https:\/\/www.ledrahotel.gr\/fr\/wp-json\/wp\/v2\/pages\/12269\/revisions"}],"predecessor-version":[{"id":27990,"href":"https:\/\/www.ledrahotel.gr\/fr\/wp-json\/wp\/v2\/pages\/12269\/revisions\/27990"}],"up":[{"embeddable":true,"href":"https:\/\/www.ledrahotel.gr\/fr\/wp-json\/wp\/v2\/pages\/12265"}],"wp:attachment":[{"href":"https:\/\/www.ledrahotel.gr\/fr\/wp-json\/wp\/v2\/media?parent=12269"}],"curies":[{"name":"wp","href":"https:\/\/api.w.org\/{rel}","templated":true}]}}