{"id":12281,"date":"2017-08-26T02:32:46","date_gmt":"2017-08-26T02:32:46","guid":{"rendered":"https:\/\/www.ledrahotel.gr\/location\/"},"modified":"2021-07-02T02:17:11","modified_gmt":"2021-07-01T23:17:11","slug":"location","status":"publish","type":"page","link":"https:\/\/www.ledrahotel.gr\/fr\/location\/","title":{"rendered":"Emplacement"},"content":{"rendered":"<section class=\"wpb-content-wrapper\"><p>[vc_row gap=\u00a0\u00bb20&Prime; equal_height=\u00a0\u00bbyes\u00a0\u00bb][vc_column width=\u00a0\u00bb1\/3&Prime;]<h4>EN VOITURE<\/h4><div class=\"title-block-6\"><\/div>[vc_column_text]Sur le chemin de Kissamos, suivez les panneaux pour Maleme. D\u00e8s que vous entrez dans le village, \u00e0 500 m\u00e8tres sur le c\u00f4t\u00e9 droit de la route, vous verrez un panneau indiquant notre h\u00f4tel. Tournez \u00e0 droite, vers la plage, et \u00e0 50 m\u00e8tres sur votre gauche, vous verrez le parking de l&rsquo;h\u00f4tel Ledra Maleme.[\/vc_column_text][\/vc_column][vc_column width=\u00a0\u00bb1\/3&Prime;]<h4>EN BUS<\/h4><div class=\"title-block-6\"><\/div>[vc_column_text]Il y a un bus tous les 30 minutes pour Maleme depuis la gare routi\u00e8re KTEL de La Can\u00e9e. Descendez au 1er arr\u00eat (arr\u00eat Police). Sur votre droite, vous trouverez un panneau de notre h\u00f4tel. Tournez \u00e0 droite, vers la plage, et \u00e0 50 m\u00e8tres sur votre gauche, vous verrez le parking de l&rsquo;h\u00f4tel Ledra Maleme.[\/vc_column_text][\/vc_column][vc_column width=\u00a0\u00bb1\/3&Prime;]<h4>DEPUIS L&rsquo;A\u00c9ROPORT<\/h4><div class=\"title-block-6\"><\/div>[vc_column_text]<strong>En voiture:<\/strong><br \/>\nEn direction de la route nationale La Can\u00e9e-Kissamos, vous trouverez des panneaux pour Maleme. D\u00e8s que vous entrez dans le village, \u00e0 500 m\u00e8tres sur le c\u00f4t\u00e9 droit de la route, vous verrez un panneau indiquant notre h\u00f4tel. Tournez \u00e0 droite, vers la plage, et \u00e0 50 m\u00e8tres sur votre gauche, vous verrez le parking de l&rsquo;h\u00f4tel Ledra Maleme.[\/vc_column_text][\/vc_column][\/vc_row][vc_row][vc_column][vc_empty_space height=\u00a0\u00bb60px\u00a0\u00bb][\/vc_column][\/vc_row][vc_row][vc_column width=\u00a0\u00bb1\/3&Prime;]<h4>Distances de Ledra Maleme<\/h4><div class=\"title-block-6\"><\/div>[vc_column_text]<\/p>\n<ul>\n<li>7 km \u00e0 l\u2019ouest de la ville de La Can\u00e9e<\/li>\n<li>5 km de la ville de Platanias<\/li>\n<li>25 km depuis l&rsquo;a\u00e9roport de La Can\u00e9e<\/li>\n<li>20 km depuis le port de Souda<\/li>\n<li>16 km de la ville de Kissamos<\/li>\n<li>160 km de la ville de H\u00e9raklion<\/li>\n<li>66 km de la ville de R\u00e9thymnon<\/li>\n<li>190 km de la ville d&rsquo;Agios Nikolaos<\/li>\n<\/ul>\n<p>[\/vc_column_text][\/vc_column][vc_column width=\u00a0\u00bb2\/3&Prime;]<h4>Carte de la r\u00e9gion<\/h4><div class=\"title-block-6\"><\/div>[vc_raw_html]JTNDaWZyYW1lJTIwc3JjJTNEJTIyaHR0cHMlM0ElMkYlMkZ3d3cuZ29vZ2xlLmNvbSUyRm1hcHMlMkZlbWJlZCUzRnBiJTNEJTIxMW0xOCUyMTFtMTIlMjExbTMlMjExZDMyNDcuMjc1NzU4MDQyNzc1JTIxMmQyMy44NDkzODQwMTU2MTE3OTMlMjEzZDM1LjUyMjE4MjU4MDIzMTYyJTIxMm0zJTIxMWYwJTIxMmYwJTIxM2YwJTIxM20yJTIxMWkxMDI0JTIxMmk3NjglMjE0ZjEzLjElMjEzbTMlMjExbTIlMjExczB4MTQ5YzhiOGQ1YzhmMGZhNSUyNTNBMHhkMTI3NDI5NmVlNDYzNzRlJTIxMnNMZWRyYSUyQk1hbGVtZSUyQkhvdGVsJTIxNWUwJTIxM20yJTIxMXNlbCUyMTJzZ3IlMjE0djE1MDg3NjE2ODc0OTklMjIlMjBoZWlnaHQlM0QlMjIzMDAlMjIlMjBzdHlsZSUzRCUyMndpZHRoJTNBJTIwMTAwJTI1JTNCJTIwYm9yZGVyJTNBMCUyMiUyMGFsbG93ZnVsbHNjcmVlbiUzRSUzQyUyRmlmcmFtZSUzRQ==[\/vc_raw_html][\/vc_column][\/vc_row][vc_row][vc_column][vc_empty_space height=\u00a0\u00bb80px\u00a0\u00bb][\/vc_column][\/vc_row]<\/p>\n<\/section>","protected":false},"excerpt":{"rendered":"<p>[vc_row gap=\u00a0\u00bb20&Prime; equal_height=\u00a0\u00bbyes\u00a0\u00bb][vc_column width=\u00a0\u00bb1\/3&Prime;][vc_column_text]Sur le chemin de Kissamos, suivez les panneaux pour Maleme. D\u00e8s que vous entrez dans le village, \u00e0 500 m\u00e8tres sur le c\u00f4t\u00e9 droit de la route, vous verrez un panneau indiquant notre h\u00f4tel. Tournez \u00e0 droite, vers la plage, et \u00e0 50 m\u00e8tres sur votre gauche, vous verrez le parking de<\/p>\n","protected":false},"author":2,"featured_media":0,"parent":0,"menu_order":0,"comment_status":"closed","ping_status":"closed","template":"","meta":[],"yoast_head":"<!-- This site is optimized with the Yoast SEO plugin v20.11 - https:\/\/yoast.com\/wordpress\/plugins\/seo\/ -->\n<title>Emplacement de Ledra Maleme<\/title>\n<meta name=\"robots\" content=\"index, follow, max-snippet:-1, max-image-preview:large, max-video-preview:-1\" \/>\n<link rel=\"canonical\" href=\"https:\/\/www.ledrahotel.gr\/fr\/location\/\" \/>\n<meta property=\"og:locale\" content=\"fr_FR\" \/>\n<meta property=\"og:type\" content=\"article\" \/>\n<meta property=\"og:title\" content=\"Emplacement de Ledra Maleme\" \/>\n<meta property=\"og:description\" content=\"[vc_row gap=\u00a0\u00bb20&Prime; equal_height=\u00a0\u00bbyes\u00a0\u00bb][vc_column width=\u00a0\u00bb1\/3&Prime;][vc_column_text]Sur le chemin de Kissamos, suivez les panneaux pour Maleme. D\u00e8s que vous entrez dans le village, \u00e0 500 m\u00e8tres sur le c\u00f4t\u00e9 droit de la route, vous verrez un panneau indiquant notre h\u00f4tel. Tournez \u00e0 droite, vers la plage, et \u00e0 50 m\u00e8tres sur votre gauche, vous verrez le parking de\" \/>\n<meta property=\"og:url\" content=\"https:\/\/www.ledrahotel.gr\/fr\/location\/\" \/>\n<meta property=\"og:site_name\" content=\"Ledra Maleme Hotel\" \/>\n<meta property=\"article:modified_time\" content=\"2021-07-01T23:17:11+00:00\" \/>\n<meta name=\"twitter:card\" content=\"summary_large_image\" \/>\n<meta name=\"twitter:label1\" content=\"Dur\u00e9e de lecture estim\u00e9e\" \/>\n\t<meta name=\"twitter:data1\" content=\"2 minutes\" \/>\n<script type=\"application\/ld+json\" class=\"yoast-schema-graph\">{\"@context\":\"https:\/\/schema.org\",\"@graph\":[{\"@type\":\"WebPage\",\"@id\":\"https:\/\/www.ledrahotel.gr\/fr\/location\/\",\"url\":\"https:\/\/www.ledrahotel.gr\/fr\/location\/\",\"name\":\"Emplacement de Ledra Maleme\",\"isPartOf\":{\"@id\":\"https:\/\/www.ledrahotel.gr\/fr\/#website\"},\"datePublished\":\"2017-08-26T02:32:46+00:00\",\"dateModified\":\"2021-07-01T23:17:11+00:00\",\"breadcrumb\":{\"@id\":\"https:\/\/www.ledrahotel.gr\/fr\/location\/#breadcrumb\"},\"inLanguage\":\"fr-FR\",\"potentialAction\":[{\"@type\":\"ReadAction\",\"target\":[\"https:\/\/www.ledrahotel.gr\/fr\/location\/\"]}]},{\"@type\":\"BreadcrumbList\",\"@id\":\"https:\/\/www.ledrahotel.gr\/fr\/location\/#breadcrumb\",\"itemListElement\":[{\"@type\":\"ListItem\",\"position\":1,\"name\":\"Home\",\"item\":\"https:\/\/www.ledrahotel.gr\/fr\/\"},{\"@type\":\"ListItem\",\"position\":2,\"name\":\"Emplacement\"}]},{\"@type\":\"WebSite\",\"@id\":\"https:\/\/www.ledrahotel.gr\/fr\/#website\",\"url\":\"https:\/\/www.ledrahotel.gr\/fr\/\",\"name\":\"Ledra Maleme Hotel\",\"description\":\"\",\"potentialAction\":[{\"@type\":\"SearchAction\",\"target\":{\"@type\":\"EntryPoint\",\"urlTemplate\":\"https:\/\/www.ledrahotel.gr\/fr\/?s={search_term_string}\"},\"query-input\":\"required name=search_term_string\"}],\"inLanguage\":\"fr-FR\"}]}<\/script>\n<!-- \/ Yoast SEO plugin. -->","yoast_head_json":{"title":"Emplacement de Ledra Maleme","robots":{"index":"index","follow":"follow","max-snippet":"max-snippet:-1","max-image-preview":"max-image-preview:large","max-video-preview":"max-video-preview:-1"},"canonical":"https:\/\/www.ledrahotel.gr\/fr\/location\/","og_locale":"fr_FR","og_type":"article","og_title":"Emplacement de Ledra Maleme","og_description":"[vc_row gap=\u00a0\u00bb20&Prime; equal_height=\u00a0\u00bbyes\u00a0\u00bb][vc_column width=\u00a0\u00bb1\/3&Prime;][vc_column_text]Sur le chemin de Kissamos, suivez les panneaux pour Maleme. D\u00e8s que vous entrez dans le village, \u00e0 500 m\u00e8tres sur le c\u00f4t\u00e9 droit de la route, vous verrez un panneau indiquant notre h\u00f4tel. Tournez \u00e0 droite, vers la plage, et \u00e0 50 m\u00e8tres sur votre gauche, vous verrez le parking de","og_url":"https:\/\/www.ledrahotel.gr\/fr\/location\/","og_site_name":"Ledra Maleme Hotel","article_modified_time":"2021-07-01T23:17:11+00:00","twitter_card":"summary_large_image","twitter_misc":{"Dur\u00e9e de lecture estim\u00e9e":"2 minutes"},"schema":{"@context":"https:\/\/schema.org","@graph":[{"@type":"WebPage","@id":"https:\/\/www.ledrahotel.gr\/fr\/location\/","url":"https:\/\/www.ledrahotel.gr\/fr\/location\/","name":"Emplacement de Ledra Maleme","isPartOf":{"@id":"https:\/\/www.ledrahotel.gr\/fr\/#website"},"datePublished":"2017-08-26T02:32:46+00:00","dateModified":"2021-07-01T23:17:11+00:00","breadcrumb":{"@id":"https:\/\/www.ledrahotel.gr\/fr\/location\/#breadcrumb"},"inLanguage":"fr-FR","potentialAction":[{"@type":"ReadAction","target":["https:\/\/www.ledrahotel.gr\/fr\/location\/"]}]},{"@type":"BreadcrumbList","@id":"https:\/\/www.ledrahotel.gr\/fr\/location\/#breadcrumb","itemListElement":[{"@type":"ListItem","position":1,"name":"Home","item":"https:\/\/www.ledrahotel.gr\/fr\/"},{"@type":"ListItem","position":2,"name":"Emplacement"}]},{"@type":"WebSite","@id":"https:\/\/www.ledrahotel.gr\/fr\/#website","url":"https:\/\/www.ledrahotel.gr\/fr\/","name":"Ledra Maleme Hotel","description":"","potentialAction":[{"@type":"SearchAction","target":{"@type":"EntryPoint","urlTemplate":"https:\/\/www.ledrahotel.gr\/fr\/?s={search_term_string}"},"query-input":"required name=search_term_string"}],"inLanguage":"fr-FR"}]}},"_links":{"self":[{"href":"https:\/\/www.ledrahotel.gr\/fr\/wp-json\/wp\/v2\/pages\/12281"}],"collection":[{"href":"https:\/\/www.ledrahotel.gr\/fr\/wp-json\/wp\/v2\/pages"}],"about":[{"href":"https:\/\/www.ledrahotel.gr\/fr\/wp-json\/wp\/v2\/types\/page"}],"author":[{"embeddable":true,"href":"https:\/\/www.ledrahotel.gr\/fr\/wp-json\/wp\/v2\/users\/2"}],"replies":[{"embeddable":true,"href":"https:\/\/www.ledrahotel.gr\/fr\/wp-json\/wp\/v2\/comments?post=12281"}],"version-history":[{"count":3,"href":"https:\/\/www.ledrahotel.gr\/fr\/wp-json\/wp\/v2\/pages\/12281\/revisions"}],"predecessor-version":[{"id":14145,"href":"https:\/\/www.ledrahotel.gr\/fr\/wp-json\/wp\/v2\/pages\/12281\/revisions\/14145"}],"wp:attachment":[{"href":"https:\/\/www.ledrahotel.gr\/fr\/wp-json\/wp\/v2\/media?parent=12281"}],"curies":[{"name":"wp","href":"https:\/\/api.w.org\/{rel}","templated":true}]}}