{"id":12303,"date":"2017-08-26T02:31:55","date_gmt":"2017-08-25T23:31:55","guid":{"rendered":"https:\/\/www.ledrahotel.gr\/location\/maleme-attractions\/"},"modified":"2021-04-28T02:12:43","modified_gmt":"2021-04-27T23:12:43","slug":"maleme-attractions","status":"publish","type":"page","link":"https:\/\/www.ledrahotel.gr\/fr\/location\/maleme-attractions\/","title":{"rendered":"Attractions de Maleme"},"content":{"rendered":"<section class=\"wpb-content-wrapper\"><p>[vc_row][vc_column]<h4>Il y a une multitude de choses \u00e0 visiter \u00e0 Maleme et dans la r\u00e9gion de La Can\u00e9e.<\/h4><div class=\"title-block-6\"><\/div>[vc_column_text]<em><span style=\"color: #999999;\">\u00c0 titre indicatif, en voici quelques-unes:<\/span><\/em>[\/vc_column_text][\/vc_column][\/vc_row][vc_row][vc_column width=\u00a0\u00bb2\/3&Prime;]<h4>L\u2019a\u00e9roport de Maleme<\/h4>[vc_column_text]Maleme fut le point d&rsquo;atterrissage des parachutistes allemands qui ont envahi la Cr\u00e8te en 1941, au d\u00e9but de la bataille de Cr\u00e8te (Op\u00e9ration Mercury) pendant la Seconde Guerre mondiale.<\/p>\n<p>Les parachutistes ont occup\u00e9 l&rsquo;a\u00e9roport \u00e0 l&rsquo;ext\u00e9rieur de la ville, ce qui a rendu possible le transport a\u00e9rien des renforts n\u00e9cessaire pour l\u2019occupation de l&rsquo;\u00eele.<\/p>\n<p><a href=\"http:\/\/en.wikipedia.org\/wiki\/Maleme\" target=\"_blank\" rel=\"noopener\"><em>En savoir plus&#8230;<\/em><\/a>[\/vc_column_text][\/vc_column][vc_column width=\u00a0\u00bb1\/3&Prime;][vc_single_image image=\u00a0\u00bb626&Prime; img_size=\u00a0\u00bbfull\u00a0\u00bb][\/vc_column][\/vc_row][vc_row bg_color=\u00a0\u00bb#f0f0f0&Prime; top_padding=\u00a0\u00bb30&Prime;][vc_column width=\u00a0\u00bb1\/3&Prime;][vc_single_image image=\u00a0\u00bb628&Prime; img_size=\u00a0\u00bbfull\u00a0\u00bb][\/vc_column][vc_column width=\u00a0\u00bb2\/3&Prime;]<h4>Le cimeti\u00e8re allemand<\/h4>[vc_column_text]Les parachutistes allemands qui ont perdu la vie pendant la bataille de Maleme sont enterr\u00e9s dans le cimeti\u00e8re allemand sur la colline au-dessus de Maleme.<\/p>\n<p><a href=\"http:\/\/el.wikipedia.org\/wiki\/%CE%9C%CE%AC%CE%BB%CE%B5%CE%BC%CE%B5_%CE%A7%CE%B1%CE%BD%CE%AF%CF%89%CE%BD\" target=\"_blank\" rel=\"noopener\"><em>En savoir plus&#8230;<\/em><\/a>[\/vc_column_text][\/vc_column][\/vc_row][vc_row top_padding=\u00a0\u00bb50&Prime;][vc_column width=\u00a0\u00bb2\/3&Prime;]<h4>La tombe \u00e0 tholos<\/h4>[vc_column_text]La tombe \u00e0 tholos de Maleme se trouve \u00e0 environ 17 km \u00e0 l\u2019ouest de La Can\u00e9e, sur la colline \u00abKafkala\u00bb.<br \/>\nIl s\u2019agit d\u2019une remarquable tombe b\u00e2tie datant du Minoen r\u00e9cent III B. La chambre fun\u00e9raire, soigneusement construite en blocs de pierre poreuse et ayant une hauteur totale d\u2019environ 4 m, a une forme carr\u00e9e et semble avoir \u00e9t\u00e9 recouverte d\u2019une toiture pyramidale. On y acc\u00e9dait par un long couloir de 13,80 m, dont les parois avaient \u00e9t\u00e9 recouvertes de pierres remarquablement travaill\u00e9es, tandis qu\u2019un fin cr\u00e9pi rouge\u00e2tre couvrait le sol.<\/p>\n<p><a href=\"http:\/\/www.culture.gr\/h\/2\/gh251.jsp?obj_id=15961\" target=\"_blank\" rel=\"noopener\"><em>En savoir plus&#8230;<\/em><\/a>[\/vc_column_text][\/vc_column][vc_column width=\u00a0\u00bb1\/3&Prime;][vc_single_image image=\u00a0\u00bb630&Prime; img_size=\u00a0\u00bbfull\u00a0\u00bb][\/vc_column][\/vc_row][vc_row bg_color=\u00a0\u00bb#f0f0f0&Prime; top_padding=\u00a0\u00bb30&Prime;][vc_column width=\u00a0\u00bb1\/3&Prime;][vc_single_image image=\u00a0\u00bb633&Prime; img_size=\u00a0\u00bbfull\u00a0\u00bb][\/vc_column][vc_column width=\u00a0\u00bb2\/3&Prime;]<h4>Le port de La Can\u00e9e<\/h4>[vc_column_text]La premi\u00e8re construction du port remonte \u00e0 la p\u00e9riode entre 1320 et 1356 et a \u00e9t\u00e9 r\u00e9alis\u00e9e par les V\u00e9nitiens afin de prot\u00e9ger la ville de La Can\u00e9e. Les probl\u00e8mes du port \u00e9taient les vents du nord et l\u2019accumulation des alluvions provenant des eaux pluviales et des \u00e9gouts. Pour r\u00e9soudre ces probl\u00e8mes, on a construit une jet\u00e9e dans laquelle il y avait une ouverture pour le renouvellement de l&rsquo;eau. L&rsquo;entr\u00e9e du port est veill\u00e9e par un phare qui a \u00e9t\u00e9 reconstruit pendant l&rsquo;occupation \u00e9gyptienne sous la forme qu\u2019on voit aujourd&rsquo;hui.<\/p>\n<p><a href=\"http:\/\/www.chania.gr\/city\/monuments\/venetain-harbour.html\" target=\"_blank\" rel=\"noopener\"><em>En savoir plus&#8230;<\/em><\/a>[\/vc_column_text][\/vc_column][\/vc_row][vc_row top_padding=\u00a0\u00bb50&Prime;][vc_column width=\u00a0\u00bb2\/3&Prime;]<h4>Le mus\u00e9e de La Can\u00e9e<\/h4>[vc_column_text]Le mus\u00e9e arch\u00e9ologique de La Can\u00e9e est g\u00e9r\u00e9 par la 25e \u00c9phorie des antiquit\u00e9s pr\u00e9historiques et classiques.<\/p>\n<p>Il est abrit\u00e9 par le catholicon du monast\u00e8re v\u00e9nitien de Saint-Fran\u00e7ois. Il a commenc\u00e9 \u00e0 fonctionner comme mus\u00e9e arch\u00e9ologique en 1963<br \/>\n.<\/p>\n<p><a href=\"http:\/\/odysseus.culture.gr\/h\/1\/gh151.jsp?obj_id=16001\" target=\"_blank\" rel=\"noopener\"><em>En savoir plus&#8230;<\/em><\/a>[\/vc_column_text][\/vc_column][vc_column width=\u00a0\u00bb1\/3&Prime;][vc_single_image image=\u00a0\u00bb634&Prime; img_size=\u00a0\u00bbfull\u00a0\u00bb][\/vc_column][\/vc_row][vc_row bg_color=\u00a0\u00bb#f0f0f0&Prime; top_padding=\u00a0\u00bb30&Prime;][vc_column width=\u00a0\u00bb1\/3&Prime;][vc_single_image image=\u00a0\u00bb636&Prime; img_size=\u00a0\u00bbfull\u00a0\u00bb][\/vc_column][vc_column width=\u00a0\u00bb2\/3&Prime;]<h4>Les tombes des Venizelos<\/h4>[vc_column_text]Les tombes des Venizelos se trouvent sur la p\u00e9ninsule d&rsquo;Akrotiri et sur la colline de Profitis Ilias. Eleftherios Venizelos lui-m\u00eame avait exprim\u00e9 le d\u00e9sir que cet endroit soit son dernier lieu de repos. Ainsi, en 1936, son tombeau y fut construit.<br \/>\nPlus tard, en 1965, en face de la tombe d&rsquo;Eleftherios Venizelos, fut \u00e9rig\u00e9e la tombe de son fils Sophoklis, lui aussi Premier ministre de la Gr\u00e8ce de 1943 \u00e0 1952.<br \/>\nLa Statue de la Libert\u00e9 a \u00e9t\u00e9 construite juste \u00e0 c\u00f4t\u00e9 des tombes. C&rsquo;est une statue de pierre, symbolisant les luttes des Cr\u00e9tois pour la libert\u00e9.<br \/>\nLes tombes des deux hommes sont visit\u00e9es chaque ann\u00e9e par un grand nombre de personnes. La zone environnante est am\u00e9nag\u00e9e avec un jardin charmant, des si\u00e8ges, un parc et des sentiers pav\u00e9s.[\/vc_column_text][\/vc_column][\/vc_row][vc_row top_padding=\u00a0\u00bb50&Prime;][vc_column width=\u00a0\u00bb2\/3&Prime;]<h4>Les gorges de Samaria<\/h4>[vc_column_text]Les gorges de Samaria sont les plus grandes gorges d&rsquo;Europe. Plus de trois cent mille personnes les traversent chaque ann\u00e9e. Elles offrent un paysage merveilleux et des formations g\u00e9ologiques tr\u00e8s rares. Elle constitue un biotope unique qui poss\u00e8de une flore et une faune d\u2019exception, une abondante mythologie qui remonte jusqu\u2019\u00e0 la Pr\u00e9histoire et une histoire mouvement\u00e9e en des temps difficiles pour la Cr\u00e8te.<\/p>\n<p>Les gorges de Samaria ont \u00e9t\u00e9 d\u00e9clar\u00e9es Parc national des Montagnes Blanches de Cr\u00e8te en 1962, \u00e0 une \u00e9poque o\u00f9 le village de Samaria, au milieu des gorges, \u00e9tait encore habit\u00e9 par deux ou trois familles originaires de Sfakia qui vivaient essentiellement de l\u2019\u00e9levage et de la coupe du bois. Elles couvraient alors 48 500 hectares alors qu\u2019aujourd\u2019hui on pr\u00e9voit d\u2019\u00e9tendre le parc \u00e0 250 000 hectares, y int\u00e9grant ainsi la partie la plus remarquable des Montagnes Blanches.[\/vc_column_text][\/vc_column][vc_column width=\u00a0\u00bb1\/3&Prime;][vc_single_image image=\u00a0\u00bb637&Prime; img_size=\u00a0\u00bbfull\u00a0\u00bb][\/vc_column][\/vc_row][vc_row bg_color=\u00a0\u00bb#f0f0f0&Prime; top_padding=\u00a0\u00bb30&Prime;][vc_column width=\u00a0\u00bb1\/3&Prime;][vc_single_image image=\u00a0\u00bb1090&Prime; img_size=\u00a0\u00bbfull\u00a0\u00bb][\/vc_column][vc_column width=\u00a0\u00bb2\/3&Prime;]<h4>Preveli &#8211; Finikodasos<\/h4>[vc_column_text][\/vc_column_text][\/vc_column][\/vc_row][vc_row top_padding=\u00a0\u00bb50&Prime;][vc_column width=\u00a0\u00bb2\/3&Prime;]<h4>Knossos<\/h4>[vc_column_text][\/vc_column_text][\/vc_column][vc_column width=\u00a0\u00bb1\/3&Prime;][vc_single_image image=\u00a0\u00bb1093&Prime; img_size=\u00a0\u00bbfull\u00a0\u00bb][\/vc_column][\/vc_row][vc_row][vc_column][vc_empty_space height=\u00a0\u00bb80px\u00a0\u00bb][\/vc_column][\/vc_row]<\/p>\n<\/section>","protected":false},"excerpt":{"rendered":"<p>[vc_row][vc_column][vc_column_text]\u00c0 titre indicatif, en voici quelques-unes:[\/vc_column_text][\/vc_column][\/vc_row][vc_row][vc_column width=\u00a0\u00bb2\/3&Prime;][vc_column_text]Maleme fut le point d&rsquo;atterrissage des parachutistes allemands qui ont envahi la Cr\u00e8te en 1941, au d\u00e9but de la bataille de Cr\u00e8te (Op\u00e9ration Mercury) pendant la Seconde Guerre mondiale. Les parachutistes ont occup\u00e9 l&rsquo;a\u00e9roport \u00e0 l&rsquo;ext\u00e9rieur de la ville, ce qui a rendu possible le transport a\u00e9rien des renforts<\/p>\n","protected":false},"author":2,"featured_media":0,"parent":12281,"menu_order":0,"comment_status":"closed","ping_status":"closed","template":"","meta":[],"yoast_head":"<!-- This site is optimized with the Yoast SEO plugin v20.11 - https:\/\/yoast.com\/wordpress\/plugins\/seo\/ -->\n<title>Attractions de Maleme<\/title>\n<meta name=\"robots\" content=\"index, follow, max-snippet:-1, max-image-preview:large, max-video-preview:-1\" \/>\n<link rel=\"canonical\" href=\"https:\/\/www.ledrahotel.gr\/fr\/location\/maleme-attractions\/\" \/>\n<meta property=\"og:locale\" content=\"fr_FR\" \/>\n<meta property=\"og:type\" content=\"article\" \/>\n<meta property=\"og:title\" content=\"Attractions de Maleme\" \/>\n<meta property=\"og:description\" content=\"[vc_row][vc_column][vc_column_text]\u00c0 titre indicatif, en voici quelques-unes:[\/vc_column_text][\/vc_column][\/vc_row][vc_row][vc_column width=\u00a0\u00bb2\/3&Prime;][vc_column_text]Maleme fut le point d&rsquo;atterrissage des parachutistes allemands qui ont envahi la Cr\u00e8te en 1941, au d\u00e9but de la bataille de Cr\u00e8te (Op\u00e9ration Mercury) pendant la Seconde Guerre mondiale. Les parachutistes ont occup\u00e9 l&rsquo;a\u00e9roport \u00e0 l&rsquo;ext\u00e9rieur de la ville, ce qui a rendu possible le transport a\u00e9rien des renforts\" \/>\n<meta property=\"og:url\" content=\"https:\/\/www.ledrahotel.gr\/fr\/location\/maleme-attractions\/\" \/>\n<meta property=\"og:site_name\" content=\"Ledra Maleme Hotel\" \/>\n<meta property=\"article:modified_time\" content=\"2021-04-27T23:12:43+00:00\" \/>\n<meta name=\"twitter:card\" content=\"summary_large_image\" \/>\n<meta name=\"twitter:label1\" content=\"Dur\u00e9e de lecture estim\u00e9e\" \/>\n\t<meta name=\"twitter:data1\" content=\"5 minutes\" \/>\n<script type=\"application\/ld+json\" class=\"yoast-schema-graph\">{\"@context\":\"https:\/\/schema.org\",\"@graph\":[{\"@type\":\"WebPage\",\"@id\":\"https:\/\/www.ledrahotel.gr\/fr\/location\/maleme-attractions\/\",\"url\":\"https:\/\/www.ledrahotel.gr\/fr\/location\/maleme-attractions\/\",\"name\":\"Attractions de Maleme\",\"isPartOf\":{\"@id\":\"https:\/\/www.ledrahotel.gr\/fr\/#website\"},\"datePublished\":\"2017-08-25T23:31:55+00:00\",\"dateModified\":\"2021-04-27T23:12:43+00:00\",\"breadcrumb\":{\"@id\":\"https:\/\/www.ledrahotel.gr\/fr\/location\/maleme-attractions\/#breadcrumb\"},\"inLanguage\":\"fr-FR\",\"potentialAction\":[{\"@type\":\"ReadAction\",\"target\":[\"https:\/\/www.ledrahotel.gr\/fr\/location\/maleme-attractions\/\"]}]},{\"@type\":\"BreadcrumbList\",\"@id\":\"https:\/\/www.ledrahotel.gr\/fr\/location\/maleme-attractions\/#breadcrumb\",\"itemListElement\":[{\"@type\":\"ListItem\",\"position\":1,\"name\":\"Home\",\"item\":\"https:\/\/www.ledrahotel.gr\/fr\/\"},{\"@type\":\"ListItem\",\"position\":2,\"name\":\"Emplacement\",\"item\":\"https:\/\/www.ledrahotel.gr\/fr\/location\/\"},{\"@type\":\"ListItem\",\"position\":3,\"name\":\"Attractions de Maleme\"}]},{\"@type\":\"WebSite\",\"@id\":\"https:\/\/www.ledrahotel.gr\/fr\/#website\",\"url\":\"https:\/\/www.ledrahotel.gr\/fr\/\",\"name\":\"Ledra Maleme Hotel\",\"description\":\"\",\"potentialAction\":[{\"@type\":\"SearchAction\",\"target\":{\"@type\":\"EntryPoint\",\"urlTemplate\":\"https:\/\/www.ledrahotel.gr\/fr\/?s={search_term_string}\"},\"query-input\":\"required name=search_term_string\"}],\"inLanguage\":\"fr-FR\"}]}<\/script>\n<!-- \/ Yoast SEO plugin. -->","yoast_head_json":{"title":"Attractions de Maleme","robots":{"index":"index","follow":"follow","max-snippet":"max-snippet:-1","max-image-preview":"max-image-preview:large","max-video-preview":"max-video-preview:-1"},"canonical":"https:\/\/www.ledrahotel.gr\/fr\/location\/maleme-attractions\/","og_locale":"fr_FR","og_type":"article","og_title":"Attractions de Maleme","og_description":"[vc_row][vc_column][vc_column_text]\u00c0 titre indicatif, en voici quelques-unes:[\/vc_column_text][\/vc_column][\/vc_row][vc_row][vc_column width=\u00a0\u00bb2\/3&Prime;][vc_column_text]Maleme fut le point d&rsquo;atterrissage des parachutistes allemands qui ont envahi la Cr\u00e8te en 1941, au d\u00e9but de la bataille de Cr\u00e8te (Op\u00e9ration Mercury) pendant la Seconde Guerre mondiale. Les parachutistes ont occup\u00e9 l&rsquo;a\u00e9roport \u00e0 l&rsquo;ext\u00e9rieur de la ville, ce qui a rendu possible le transport a\u00e9rien des renforts","og_url":"https:\/\/www.ledrahotel.gr\/fr\/location\/maleme-attractions\/","og_site_name":"Ledra Maleme Hotel","article_modified_time":"2021-04-27T23:12:43+00:00","twitter_card":"summary_large_image","twitter_misc":{"Dur\u00e9e de lecture estim\u00e9e":"5 minutes"},"schema":{"@context":"https:\/\/schema.org","@graph":[{"@type":"WebPage","@id":"https:\/\/www.ledrahotel.gr\/fr\/location\/maleme-attractions\/","url":"https:\/\/www.ledrahotel.gr\/fr\/location\/maleme-attractions\/","name":"Attractions de Maleme","isPartOf":{"@id":"https:\/\/www.ledrahotel.gr\/fr\/#website"},"datePublished":"2017-08-25T23:31:55+00:00","dateModified":"2021-04-27T23:12:43+00:00","breadcrumb":{"@id":"https:\/\/www.ledrahotel.gr\/fr\/location\/maleme-attractions\/#breadcrumb"},"inLanguage":"fr-FR","potentialAction":[{"@type":"ReadAction","target":["https:\/\/www.ledrahotel.gr\/fr\/location\/maleme-attractions\/"]}]},{"@type":"BreadcrumbList","@id":"https:\/\/www.ledrahotel.gr\/fr\/location\/maleme-attractions\/#breadcrumb","itemListElement":[{"@type":"ListItem","position":1,"name":"Home","item":"https:\/\/www.ledrahotel.gr\/fr\/"},{"@type":"ListItem","position":2,"name":"Emplacement","item":"https:\/\/www.ledrahotel.gr\/fr\/location\/"},{"@type":"ListItem","position":3,"name":"Attractions de Maleme"}]},{"@type":"WebSite","@id":"https:\/\/www.ledrahotel.gr\/fr\/#website","url":"https:\/\/www.ledrahotel.gr\/fr\/","name":"Ledra Maleme Hotel","description":"","potentialAction":[{"@type":"SearchAction","target":{"@type":"EntryPoint","urlTemplate":"https:\/\/www.ledrahotel.gr\/fr\/?s={search_term_string}"},"query-input":"required name=search_term_string"}],"inLanguage":"fr-FR"}]}},"_links":{"self":[{"href":"https:\/\/www.ledrahotel.gr\/fr\/wp-json\/wp\/v2\/pages\/12303"}],"collection":[{"href":"https:\/\/www.ledrahotel.gr\/fr\/wp-json\/wp\/v2\/pages"}],"about":[{"href":"https:\/\/www.ledrahotel.gr\/fr\/wp-json\/wp\/v2\/types\/page"}],"author":[{"embeddable":true,"href":"https:\/\/www.ledrahotel.gr\/fr\/wp-json\/wp\/v2\/users\/2"}],"replies":[{"embeddable":true,"href":"https:\/\/www.ledrahotel.gr\/fr\/wp-json\/wp\/v2\/comments?post=12303"}],"version-history":[{"count":2,"href":"https:\/\/www.ledrahotel.gr\/fr\/wp-json\/wp\/v2\/pages\/12303\/revisions"}],"predecessor-version":[{"id":12306,"href":"https:\/\/www.ledrahotel.gr\/fr\/wp-json\/wp\/v2\/pages\/12303\/revisions\/12306"}],"up":[{"embeddable":true,"href":"https:\/\/www.ledrahotel.gr\/fr\/wp-json\/wp\/v2\/pages\/12281"}],"wp:attachment":[{"href":"https:\/\/www.ledrahotel.gr\/fr\/wp-json\/wp\/v2\/media?parent=12303"}],"curies":[{"name":"wp","href":"https:\/\/api.w.org\/{rel}","templated":true}]}}